{"id":119,"date":"2016-09-25T10:38:45","date_gmt":"2016-09-25T08:38:45","guid":{"rendered":"http:\/\/amisduchateau.fr\/sacm\/?page_id=119"},"modified":"2019-02-01T10:43:09","modified_gmt":"2019-02-01T09:43:09","slug":"mentions-legales","status":"publish","type":"page","link":"http:\/\/amisduchateau.fr\/sacm\/mentions-legales\/","title":{"rendered":"Mentions l\u00e9gales"},"content":{"rendered":"<p><strong>Soci\u00e9t\u00e9 des Amis du Ch\u00e2teau de Maisons (SACM)<\/strong><br \/>\n<em>association \u00ab\u00a0loi 1901\u00a0\u00bb d\u00e9clar\u00e9e d&rsquo;utilit\u00e9 publique<\/em><\/p>\n<p>Adresse : 89 rue de la Muette, 78600 Maisons-Laffitte, France<br \/>\nT\u00e9l\u00e9phone : 01 39 12 48 06<br \/>\nCourriel : <a href=\"mailto:sacm78@orange.fr\">sacm78@orange.fr<\/a><\/p>\n<p>N\u00b0SIREN : 480 334 721<\/p>\n<p>Ce site Internet est h\u00e9berg\u00e9 par OVH :<br \/>\n2 rue Kellermann, 59100 Roubaix, France<\/p>\n","protected":false},"excerpt":{"rendered":"<p>Soci\u00e9t\u00e9 des Amis du Ch\u00e2teau de Maisons (SACM) association \u00ab\u00a0loi 1901\u00a0\u00bb d\u00e9clar\u00e9e d&rsquo;utilit\u00e9 publique Adresse : 89 rue de la Muette, 78600 Maisons-Laffitte, France T\u00e9l\u00e9phone : 01 39 12 48 06 Courriel : sacm78@orange.fr N\u00b0SIREN : 480 334 721 Ce site Internet est h\u00e9berg\u00e9 par &hellip; <\/p>\n","protected":false},"author":1,"featured_media":0,"parent":0,"menu_order":0,"comment_status":"closed","ping_status":"closed","template":"","meta":{"_vp_format_video_url":"","_vp_image_focal_point":[],"footnotes":""},"class_list":["post-119","page","type-page","status-publish","hentry"],"_links":{"self":[{"href":"http:\/\/amisduchateau.fr\/sacm\/wp-json\/wp\/v2\/pages\/119","targetHints":{"allow":["GET"]}}],"collection":[{"href":"http:\/\/amisduchateau.fr\/sacm\/wp-json\/wp\/v2\/pages"}],"about":[{"href":"http:\/\/amisduchateau.fr\/sacm\/wp-json\/wp\/v2\/types\/page"}],"author":[{"embeddable":true,"href":"http:\/\/amisduchateau.fr\/sacm\/wp-json\/wp\/v2\/users\/1"}],"replies":[{"embeddable":true,"href":"http:\/\/amisduchateau.fr\/sacm\/wp-json\/wp\/v2\/comments?post=119"}],"version-history":[{"count":6,"href":"http:\/\/amisduchateau.fr\/sacm\/wp-json\/wp\/v2\/pages\/119\/revisions"}],"predecessor-version":[{"id":948,"href":"http:\/\/amisduchateau.fr\/sacm\/wp-json\/wp\/v2\/pages\/119\/revisions\/948"}],"wp:attachment":[{"href":"http:\/\/amisduchateau.fr\/sacm\/wp-json\/wp\/v2\/media?parent=119"}],"curies":[{"name":"wp","href":"https:\/\/api.w.org\/{rel}","templated":true}]}}