{"id":84,"date":"2016-09-23T16:17:44","date_gmt":"2016-09-23T14:17:44","guid":{"rendered":"http:\/\/amisduchateau.fr\/sacm\/?page_id=84"},"modified":"2018-04-22T19:46:50","modified_gmt":"2018-04-22T17:46:50","slug":"contact","status":"publish","type":"page","link":"http:\/\/amisduchateau.fr\/sacm\/contact\/","title":{"rendered":"Contact"},"content":{"rendered":"<h3>Soci\u00e9t\u00e9 des Amis du Ch\u00e2teau de Maisons<br \/>\n89 rue de la Muette<br \/>\n78600 Maisons-Laffitte<\/h3>\n<p>T\u00e9l.: 01 39 12 48 06<\/p>\n<p><a href=\"mailto:sacm78@orange.fr\">sacm78@orange.fr<\/a><\/p>\n","protected":false},"excerpt":{"rendered":"<p>Soci\u00e9t\u00e9 des Amis du Ch\u00e2teau de Maisons 89 rue de la Muette 78600 Maisons-Laffitte T\u00e9l.: 01 39 12 48 06 sacm78@orange.fr<\/p>\n","protected":false},"author":1,"featured_media":0,"parent":0,"menu_order":0,"comment_status":"closed","ping_status":"closed","template":"","meta":{"_vp_format_video_url":"","_vp_image_focal_point":[],"footnotes":""},"class_list":["post-84","page","type-page","status-publish","hentry"],"_links":{"self":[{"href":"http:\/\/amisduchateau.fr\/sacm\/wp-json\/wp\/v2\/pages\/84","targetHints":{"allow":["GET"]}}],"collection":[{"href":"http:\/\/amisduchateau.fr\/sacm\/wp-json\/wp\/v2\/pages"}],"about":[{"href":"http:\/\/amisduchateau.fr\/sacm\/wp-json\/wp\/v2\/types\/page"}],"author":[{"embeddable":true,"href":"http:\/\/amisduchateau.fr\/sacm\/wp-json\/wp\/v2\/users\/1"}],"replies":[{"embeddable":true,"href":"http:\/\/amisduchateau.fr\/sacm\/wp-json\/wp\/v2\/comments?post=84"}],"version-history":[{"count":2,"href":"http:\/\/amisduchateau.fr\/sacm\/wp-json\/wp\/v2\/pages\/84\/revisions"}],"predecessor-version":[{"id":905,"href":"http:\/\/amisduchateau.fr\/sacm\/wp-json\/wp\/v2\/pages\/84\/revisions\/905"}],"wp:attachment":[{"href":"http:\/\/amisduchateau.fr\/sacm\/wp-json\/wp\/v2\/media?parent=84"}],"curies":[{"name":"wp","href":"https:\/\/api.w.org\/{rel}","templated":true}]}}